{"id":6,"date":"2012-07-20T10:15:55","date_gmt":"2012-07-20T09:15:55","guid":{"rendered":"http:\/\/oprsteny.cz\/?page_id=6"},"modified":"2018-03-27T08:43:39","modified_gmt":"2018-03-27T07:43:39","slug":"contact","status":"publish","type":"page","link":"https:\/\/oprsteny.cz\/?page_id=6","title":{"rendered":"About Me"},"content":{"rendered":"<table>\n<tbody>\n<tr>\n<td style=\"width: 160px;\"><img loading=\"lazy\" decoding=\"async\" data-attachment-id=\"7\" data-permalink=\"https:\/\/oprsteny.cz\/?attachment_id=7\" data-orig-file=\"https:\/\/oprsteny.cz\/wp-content\/uploads\/me.jpg\" data-orig-size=\"76,100\" data-comments-opened=\"1\" data-image-meta=\"{&quot;aperture&quot;:&quot;5.14&quot;,&quot;credit&quot;:&quot;&quot;,&quot;camera&quot;:&quot;hp photosmart 735&quot;,&quot;caption&quot;:&quot;&quot;,&quot;created_timestamp&quot;:&quot;1103659424&quot;,&quot;copyright&quot;:&quot;&quot;,&quot;focal_length&quot;:&quot;17&quot;,&quot;iso&quot;:&quot;100&quot;,&quot;shutter_speed&quot;:&quot;0.059269&quot;,&quot;title&quot;:&quot;&quot;}\" data-image-title=\"Miroslav Opr\u0161t\u011bn\u00fd\" data-image-description=\"\" data-image-caption=\"\" data-large-file=\"https:\/\/oprsteny.cz\/wp-content\/uploads\/me.jpg\" class=\"alignnone size-full wp-image-7\" title=\"Miroslav Opr\u0161t\u011bn\u00fd\" src=\"http:\/\/oprsteny.cz\/wp-content\/uploads\/me.jpg\" alt=\"Miroslav Opr\u0161t\u011bn\u00fd\" width=\"76\" height=\"100\" \/><\/td>\n<td style=\"vertical-align: middle;\"><span style=\"font-size: 36px; font-variant: small-caps; font-weight: bold; text-transform: capitalize;\">Miroslav Opr\u0161t\u011bn\u00fd<\/span><\/td>\n<\/tr>\n<tr>\n<td style=\"vertical-align: top;\">\n<h2>Permanent Address<\/h2>\n<\/td>\n<td>V Koutech 752<br \/>\nBohu\u0148ovice 783 14<br \/>\nCzech republic<\/td>\n<\/tr>\n<tr>\n<td>\n<h2>Phone<\/h2>\n<\/td>\n<td>+420 776688255 (mobile)<br \/>\n+420 581032538 (landline)<\/td>\n<\/tr>\n<tr>\n<td>\n<h2>Email<\/h2>\n<\/td>\n<td><a href=\"mailto:miroslav@oprsteny.cz\">miroslav (at) oprsteny.cz<\/a> (personal)<br \/>\n<a href=\"mailto:miroslav.oprsteny@sap.com\">miroslav.oprsteny (at) sap.com<\/a> (work)<\/td>\n<\/tr>\n<tr>\n<td>\n<h2>ICQ<br \/>\nGTalk<br \/>\nSkype<\/h2>\n<\/td>\n<td>958-389-37<br \/>\noprstenym<br \/>\nSpider__007<\/td>\n<\/tr>\n<tr>\n<td style=\"vertical-align: top;\">\n<h2>Professional Summary<\/h2>\n<\/td>\n<td>I have more than 15 years experience in IT industry.<br \/>\nI have worked always as a software developer or team leader of small group (+\/- 5) of developers.<br \/>\nI know the following programming languages and tools:<\/p>\n<ul>\n<li><strong>Languages:<\/strong> ANSI C\/C++, C#, Visual Basic 6.0, Visual Basic .Net, Delphi, Perl, Python, Ruby, CSS, JavaScript, HTML4, PHP, Ajax, Java, SQL, XML, Dot, ABAP<\/li>\n<li><strong>Tools:<\/strong>\u00a0InnoSetup,\u00a0Trac,\u00a0MantisBT,\u00a0BugZilla,\u00a0Tortoise SVN,\u00a0CMS systems (Joomla, WordPress, \u00a0Drupal),\u00a0Remedy (both desktop and web versions),\u00a0Graphwiz,\u00a0Apache,\u00a0VirtualBox,\u00a0Eclipse<\/li>\n<\/ul>\n<p>I possess expertise in Object-Oriented Analysis\/Design, skilled at progressing from problem statement to well-documented designs<br \/>\nI&#8217;m passionate about database systems development<br \/>\nI have strong coding skills with passion of solving complex problems<br \/>\nI&#8217;m a thinker that loves to bring innovative solutions<br \/>\nI&#8217;m a team player with sense for team mission and fair-play<\/p>\n<p><strong>SAP\/ABAP<\/strong><\/p>\n<ul>\n<li>General knowledge (Classic Reports\/Module pools\/Includes, Function Groups\/Modules, Object Oriented ABAP with application of design patterns, ALV grids, RFC)<\/li>\n<li>SAP Enhancement Framework (User-exits, Customer-Exists, Classic&amp;New BAdI, Enhancements, APO EEWB)<\/li>\n<li>Internet Services (ITS applications)<\/li>\n<li>WebDynpro applications<\/li>\n<li>Workflow development<\/li>\n<li>SmartForms, SAPScript, Adobe PDF Forms<\/li>\n<li>IDOC Development and processing<\/li>\n<li>FI Validations &amp; Substitutions<\/li>\n<li>Experiance with development in MM, SD, LO, FI\/CO, QM, SRM, APO<\/li>\n<\/ul>\n<p><strong>C#<\/strong><br \/>\nI developed several desktop and web applications used internally in Honeywell.<\/p>\n<p><strong>ANSI C\/C++<\/strong><br \/>\nDuring my employment in Honeywell as part of Flight Controls Software Development team I participated on development software for Boeing 787 Dreamliner<\/p>\n<p><strong>Java<\/strong><br \/>\nI developed several supporting Java web applets and desktop applications in NNIT and Honeywell.<\/p>\n<p><strong>Apache, MySQL, Perl, Python, Graphviz, Dot<\/strong><br \/>\nI was part of Tools support team in Honeywell which developed graphical tracing tool as a web application using (main project) and several data mining applications.<\/td>\n<\/tr>\n<\/tbody>\n<\/table>\n<p>&nbsp;<\/p>\n","protected":false},"excerpt":{"rendered":"<p>Miroslav Opr\u0161t\u011bn\u00fd Permanent Address V Koutech 752 Bohu\u0148ovice 783 14 Czech republic Phone +420 776688255 (mobile) +420 581032538 (landline) Email miroslav (at) oprsteny.cz (personal) miroslav.oprsteny (at) sap.com (work) ICQ GTalk Skype 958-389-37 oprstenym Spider__007 Professional Summary I have more than &hellip; <a href=\"https:\/\/oprsteny.cz\/?page_id=6\">Continue reading <span class=\"meta-nav\">&rarr;<\/span><\/a><\/p>\n","protected":false},"author":1,"featured_media":0,"parent":0,"menu_order":0,"comment_status":"closed","ping_status":"closed","template":"showcase.php","meta":{"jetpack_post_was_ever_published":false,"footnotes":""},"class_list":["post-6","page","type-page","status-publish","hentry"],"jetpack_sharing_enabled":true,"jetpack_shortlink":"https:\/\/wp.me\/P3nYbe-6","jetpack-related-posts":[],"_links":{"self":[{"href":"https:\/\/oprsteny.cz\/index.php?rest_route=\/wp\/v2\/pages\/6","targetHints":{"allow":["GET"]}}],"collection":[{"href":"https:\/\/oprsteny.cz\/index.php?rest_route=\/wp\/v2\/pages"}],"about":[{"href":"https:\/\/oprsteny.cz\/index.php?rest_route=\/wp\/v2\/types\/page"}],"author":[{"embeddable":true,"href":"https:\/\/oprsteny.cz\/index.php?rest_route=\/wp\/v2\/users\/1"}],"replies":[{"embeddable":true,"href":"https:\/\/oprsteny.cz\/index.php?rest_route=%2Fwp%2Fv2%2Fcomments&post=6"}],"version-history":[{"count":54,"href":"https:\/\/oprsteny.cz\/index.php?rest_route=\/wp\/v2\/pages\/6\/revisions"}],"predecessor-version":[{"id":1688,"href":"https:\/\/oprsteny.cz\/index.php?rest_route=\/wp\/v2\/pages\/6\/revisions\/1688"}],"wp:attachment":[{"href":"https:\/\/oprsteny.cz\/index.php?rest_route=%2Fwp%2Fv2%2Fmedia&parent=6"}],"curies":[{"name":"wp","href":"https:\/\/api.w.org\/{rel}","templated":true}]}}